{"id":6,"date":"2015-08-18T11:00:14","date_gmt":"2015-08-18T09:00:14","guid":{"rendered":"http:\/\/demo.monikashalsa.com\/?page_id=6"},"modified":"2015-08-28T16:55:40","modified_gmt":"2015-08-28T14:55:40","slug":"startsida","status":"publish","type":"page","link":"http:\/\/monikashalsa.com\/","title":{"rendered":"V\u00e4lkommen"},"content":{"rendered":"<p><img loading=\"lazy\" decoding=\"async\" src=\"http:\/\/www.monikashalsa.com\/wp-content\/uploads\/2015\/08\/start-300x200.jpg\" alt=\"start\" width=\"300\" height=\"200\" class=\"alignleft size-medium wp-image-73\" srcset=\"http:\/\/monikashalsa.com\/wp-content\/uploads\/2015\/08\/start-300x200.jpg 300w, http:\/\/monikashalsa.com\/wp-content\/uploads\/2015\/08\/start.jpg 500w\" sizes=\"auto, (max-width: 300px) 100vw, 300px\" \/>M\u00f6t framtiden med ett glatt sinne och en go k\u00e4nsla i kroppen, det \u00e4r alla m\u00e4nniskor v\u00e4rda.<br \/>\nV\u00e4lkommen!<\/p>\n","protected":false},"excerpt":{"rendered":"<p>M\u00f6t framtiden med ett glatt sinne och en go k\u00e4nsla i kroppen, det \u00e4r alla m\u00e4nniskor v\u00e4rda. V\u00e4lkommen!<\/p>\n","protected":false},"author":4,"featured_media":0,"parent":0,"menu_order":0,"comment_status":"closed","ping_status":"closed","template":"","meta":{"footnotes":""},"class_list":["post-6","page","type-page","status-publish","hentry"],"aioseo_notices":[],"_links":{"self":[{"href":"http:\/\/monikashalsa.com\/index.php?rest_route=\/wp\/v2\/pages\/6","targetHints":{"allow":["GET"]}}],"collection":[{"href":"http:\/\/monikashalsa.com\/index.php?rest_route=\/wp\/v2\/pages"}],"about":[{"href":"http:\/\/monikashalsa.com\/index.php?rest_route=\/wp\/v2\/types\/page"}],"author":[{"embeddable":true,"href":"http:\/\/monikashalsa.com\/index.php?rest_route=\/wp\/v2\/users\/4"}],"replies":[{"embeddable":true,"href":"http:\/\/monikashalsa.com\/index.php?rest_route=%2Fwp%2Fv2%2Fcomments&post=6"}],"version-history":[{"count":9,"href":"http:\/\/monikashalsa.com\/index.php?rest_route=\/wp\/v2\/pages\/6\/revisions"}],"predecessor-version":[{"id":83,"href":"http:\/\/monikashalsa.com\/index.php?rest_route=\/wp\/v2\/pages\/6\/revisions\/83"}],"wp:attachment":[{"href":"http:\/\/monikashalsa.com\/index.php?rest_route=%2Fwp%2Fv2%2Fmedia&parent=6"}],"curies":[{"name":"wp","href":"https:\/\/api.w.org\/{rel}","templated":true}]}}