{"id":17,"date":"2015-08-18T11:09:07","date_gmt":"2015-08-18T09:09:07","guid":{"rendered":"http:\/\/demo.monikashalsa.com\/?page_id=17"},"modified":"2015-12-10T15:13:15","modified_gmt":"2015-12-10T14:13:15","slug":"djurens-halsa","status":"publish","type":"page","link":"http:\/\/monikashalsa.com\/?page_id=17","title":{"rendered":"Djurens h\u00e4lsa"},"content":{"rendered":"<p><strong>Horstmanntekniken \u00e4r en enkel, skonsam kroppsterapi som l\u00f6ser upp fysiska, k\u00e4nslom\u00e4ssiga och mentala blockeringar.<\/strong><\/p>\n<p>Se h\u00e4r arbetsexempel:<\/p>\n<p><strong><img loading=\"lazy\" decoding=\"async\" class=\" size-medium wp-image-71 alignleft\" src=\"http:\/\/www.monikashalsa.com\/wp-content\/uploads\/2015\/08\/katt-300x201.jpg\" alt=\"Horstmann behandling A5\" width=\"300\" height=\"201\" srcset=\"http:\/\/monikashalsa.com\/wp-content\/uploads\/2015\/08\/katt-300x201.jpg 300w, http:\/\/monikashalsa.com\/wp-content\/uploads\/2015\/08\/katt.jpg 372w\" sizes=\"auto, (max-width: 300px) 100vw, 300px\" \/>Katterna p\u00e5 Djurens V\u00e4nner<\/strong> tar g\u00e4rna emot en stunds avkoppling.<\/p>\n<p><strong><img loading=\"lazy\" decoding=\"async\" class=\" size-medium wp-image-69 alignright\" src=\"http:\/\/www.monikashalsa.com\/wp-content\/uploads\/2015\/08\/hast-300x201.jpg\" alt=\"Horstmann behandling A5\" width=\"300\" height=\"201\" srcset=\"http:\/\/monikashalsa.com\/wp-content\/uploads\/2015\/08\/hast-300x201.jpg 300w, http:\/\/monikashalsa.com\/wp-content\/uploads\/2015\/08\/hast.jpg 372w\" sizes=\"auto, (max-width: 300px) 100vw, 300px\" \/>H\u00e4sten Muskot<\/strong> med diagnosen kronisk kolik fick ig\u00e5ng sitt tarmsystem under en behandling. Det blev aktivitet b\u00e5de fram och bak. Muskot har efter behandlingen ocks\u00e5 l\u00e4ttare f\u00f6r att samarbeta med de andra h\u00e4starna i stallet.<\/p>\n<p><strong>H\u00e4sten Cinza<\/strong> hade f\u00f6rlorat livsgl\u00e4djen av n\u00e5gon anledning.Under behandlingen kissade hon otroligt l\u00e4nge och sedan blev hon pigg igen.<\/p>\n<p><strong><img loading=\"lazy\" decoding=\"async\" class=\" size-medium wp-image-70 alignright\" src=\"http:\/\/www.monikashalsa.com\/wp-content\/uploads\/2015\/08\/hund-300x201.jpg\" alt=\"Horstmann behandling A5\" width=\"300\" height=\"201\" srcset=\"http:\/\/monikashalsa.com\/wp-content\/uploads\/2015\/08\/hund-300x201.jpg 300w, http:\/\/monikashalsa.com\/wp-content\/uploads\/2015\/08\/hund.jpg 372w\" sizes=\"auto, (max-width: 300px) 100vw, 300px\" \/>Hunden Sushi<\/strong> med diagnos atros i h\u00f6ger framben slutade halta efter n\u00e5gra behandlingar.<\/p>\n<p><strong>Islandsh\u00e4sten Baura<\/strong> som var en stressad och kontrollerande h\u00e4st blev en cool h\u00e4st efter n\u00e5gra behandlingar.<\/p>\n<p><strong>Alla behandlingar utf\u00f6rs p\u00e5 djurens villkor!<\/strong><\/p>\n<p>V\u00e4nligen ring 0705 769766 f\u00f6r information om behandlingar och priser<\/p>\n<p><img loading=\"lazy\" decoding=\"async\" class=\"alignnone size-full wp-image-154\" src=\"http:\/\/www.monikashalsa.com\/wp-content\/uploads\/2015\/12\/horstmann2.png\" alt=\"horstmann2\" width=\"150\" height=\"106\" \/><\/p>\n","protected":false},"excerpt":{"rendered":"<p>Horstmanntekniken \u00e4r en enkel, skonsam kroppsterapi som l\u00f6ser upp fysiska, k\u00e4nslom\u00e4ssiga och mentala blockeringar. Se h\u00e4r arbetsexempel: Katterna p\u00e5 Djurens V\u00e4nner tar g\u00e4rna emot en stunds avkoppling. H\u00e4sten Muskot med diagnosen kronisk kolik fick ig\u00e5ng sitt tarmsystem under en behandling. Det blev aktivitet b\u00e5de fram och bak. Muskot har efter behandlingen ocks\u00e5 l\u00e4ttare f\u00f6r att &hellip; <a href=\"http:\/\/monikashalsa.com\/?page_id=17\" class=\"more-link\">Forts\u00e4tt l\u00e4sa <span class=\"screen-reader-text\">Djurens h\u00e4lsa<\/span><\/a><\/p>\n","protected":false},"author":4,"featured_media":0,"parent":0,"menu_order":0,"comment_status":"closed","ping_status":"open","template":"","meta":{"footnotes":""},"class_list":["post-17","page","type-page","status-publish","hentry"],"aioseo_notices":[],"_links":{"self":[{"href":"http:\/\/monikashalsa.com\/index.php?rest_route=\/wp\/v2\/pages\/17","targetHints":{"allow":["GET"]}}],"collection":[{"href":"http:\/\/monikashalsa.com\/index.php?rest_route=\/wp\/v2\/pages"}],"about":[{"href":"http:\/\/monikashalsa.com\/index.php?rest_route=\/wp\/v2\/types\/page"}],"author":[{"embeddable":true,"href":"http:\/\/monikashalsa.com\/index.php?rest_route=\/wp\/v2\/users\/4"}],"replies":[{"embeddable":true,"href":"http:\/\/monikashalsa.com\/index.php?rest_route=%2Fwp%2Fv2%2Fcomments&post=17"}],"version-history":[{"count":12,"href":"http:\/\/monikashalsa.com\/index.php?rest_route=\/wp\/v2\/pages\/17\/revisions"}],"predecessor-version":[{"id":157,"href":"http:\/\/monikashalsa.com\/index.php?rest_route=\/wp\/v2\/pages\/17\/revisions\/157"}],"wp:attachment":[{"href":"http:\/\/monikashalsa.com\/index.php?rest_route=%2Fwp%2Fv2%2Fmedia&parent=17"}],"curies":[{"name":"wp","href":"https:\/\/api.w.org\/{rel}","templated":true}]}}