{"id":13,"date":"2015-08-18T11:04:05","date_gmt":"2015-08-18T09:04:05","guid":{"rendered":"http:\/\/demo.monikashalsa.com\/?page_id=13"},"modified":"2021-08-19T08:20:56","modified_gmt":"2021-08-19T06:20:56","slug":"reiki","status":"publish","type":"page","link":"http:\/\/monikashalsa.com\/?page_id=13","title":{"rendered":"Reiki"},"content":{"rendered":"<figure id=\"attachment_40\" aria-describedby=\"caption-attachment-40\" style=\"width: 300px\" class=\"wp-caption alignright\"><img loading=\"lazy\" decoding=\"async\" class=\"size-medium wp-image-40\" src=\"http:\/\/www.monikashalsa.com\/wp-content\/uploads\/2015\/08\/reiki-300x300.jpg\" alt=\"Tacka Universum\" width=\"300\" height=\"300\" srcset=\"http:\/\/monikashalsa.com\/wp-content\/uploads\/2015\/08\/reiki-300x300.jpg 300w, http:\/\/monikashalsa.com\/wp-content\/uploads\/2015\/08\/reiki-150x150.jpg 150w, http:\/\/monikashalsa.com\/wp-content\/uploads\/2015\/08\/reiki.jpg 720w\" sizes=\"auto, (max-width: 300px) 100vw, 300px\" \/><figcaption id=\"caption-attachment-40\" class=\"wp-caption-text\"><em>Tacka Universum<\/em><\/figcaption><\/figure>\n<p>Reiki \u00e4r en mycket gammal \u00f6sterl\u00e4ndsk energiteknik som idag anv\u00e4nds inom komplement\u00e4r medicin v\u00e4rlden \u00f6ver. Det \u00e4r en energiteknik som p\u00e5verkar hela m\u00e4nniskan och st\u00e4rker b\u00e5de kropp och sj\u00e4l.<\/p>\n<p>Ordet reiki \u00e4r japanska och betyder universell livsenergi. B\u00e5de tekniken och den energi man jobbar med kallas reiki.<br \/>\nEn reiki-behandling hj\u00e4lper kroppen att slappna av, frig\u00f6ra stress och skapar f\u00f6ruts\u00e4ttningar f\u00f6r att kroppens l\u00e4kande funktioner ska fungera maximalt. Utt\u00f6mda energif\u00f6rr\u00e5d fylls p\u00e5 och vitalitet och h\u00e4lsa f\u00f6rb\u00e4ttras.<br \/>\nDen person som har reiki placerar sina h\u00e4nder p\u00e5 sig sj\u00e4lv eller p\u00e5 den person som ska behandlas och energi f\u00f6rmedlas. Reiki balanserar kroppen, b\u00e5de fysiskt och psykiskt. Medvetandet utvidgas och den inre f\u00f6rst\u00e5elsen djupnar, kreativitet, intuition och intellekt stimuleras.<br \/>\nD\u00e4rf\u00f6r \u00e4r reiki en effektiv teknik f\u00f6r personlig utveckling och tillv\u00e4xt.<br \/>\nL\u00e4s mer om reiki p\u00e5 www.reiki-network.net<\/p>\n<p>Behandling 3 x 60 minuter inom 7 dagar, kr 2100:-<\/p>\n<p>Utbildning av Gaby Hanson The Reiki Network 2002 och 2005<\/p>\n","protected":false},"excerpt":{"rendered":"<p>Reiki \u00e4r en mycket gammal \u00f6sterl\u00e4ndsk energiteknik som idag anv\u00e4nds inom komplement\u00e4r medicin v\u00e4rlden \u00f6ver. Det \u00e4r en energiteknik som p\u00e5verkar hela m\u00e4nniskan och st\u00e4rker b\u00e5de kropp och sj\u00e4l. Ordet reiki \u00e4r japanska och betyder universell livsenergi. B\u00e5de tekniken och den energi man jobbar med kallas reiki. En reiki-behandling hj\u00e4lper kroppen att slappna av, frig\u00f6ra &hellip; <a href=\"http:\/\/monikashalsa.com\/?page_id=13\" class=\"more-link\">Forts\u00e4tt l\u00e4sa <span class=\"screen-reader-text\">Reiki<\/span><\/a><\/p>\n","protected":false},"author":4,"featured_media":0,"parent":0,"menu_order":0,"comment_status":"closed","ping_status":"open","template":"","meta":{"footnotes":""},"class_list":["post-13","page","type-page","status-publish","hentry"],"aioseo_notices":[],"_links":{"self":[{"href":"http:\/\/monikashalsa.com\/index.php?rest_route=\/wp\/v2\/pages\/13","targetHints":{"allow":["GET"]}}],"collection":[{"href":"http:\/\/monikashalsa.com\/index.php?rest_route=\/wp\/v2\/pages"}],"about":[{"href":"http:\/\/monikashalsa.com\/index.php?rest_route=\/wp\/v2\/types\/page"}],"author":[{"embeddable":true,"href":"http:\/\/monikashalsa.com\/index.php?rest_route=\/wp\/v2\/users\/4"}],"replies":[{"embeddable":true,"href":"http:\/\/monikashalsa.com\/index.php?rest_route=%2Fwp%2Fv2%2Fcomments&post=13"}],"version-history":[{"count":8,"href":"http:\/\/monikashalsa.com\/index.php?rest_route=\/wp\/v2\/pages\/13\/revisions"}],"predecessor-version":[{"id":177,"href":"http:\/\/monikashalsa.com\/index.php?rest_route=\/wp\/v2\/pages\/13\/revisions\/177"}],"wp:attachment":[{"href":"http:\/\/monikashalsa.com\/index.php?rest_route=%2Fwp%2Fv2%2Fmedia&parent=13"}],"curies":[{"name":"wp","href":"https:\/\/api.w.org\/{rel}","templated":true}]}}